{"id":248,"date":"2022-09-27T09:49:32","date_gmt":"2022-09-27T09:49:32","guid":{"rendered":"https:\/\/hjortdeko.dk\/?page_id=248"},"modified":"2023-09-29T10:05:32","modified_gmt":"2023-09-29T10:05:32","slug":"om-hjort-deko","status":"publish","type":"page","link":"https:\/\/hjortdeko.dk\/?page_id=248","title":{"rendered":"Om Hjort Deko"},"content":{"rendered":"<p>[et_pb_section fb_built=&#8221;1&#8243; admin_label=&#8221;Header&#8221; _builder_version=&#8221;4.18.0&#8243; background_color=&#8221;#fdd23a&#8221; use_background_color_gradient=&#8221;on&#8221; background_color_gradient_direction=&#8221;90deg&#8221; background_color_gradient_stops=&#8221;#ffffff 75%|rgba(0,0,0,0) 75%&#8221; background_color_gradient_start=&#8221;#ffffff&#8221; background_color_gradient_start_position=&#8221;75%&#8221; background_color_gradient_end=&#8221;rgba(0,0,0,0)&#8221; background_color_gradient_end_position=&#8221;75%&#8221; background_image=&#8221;https:\/\/hjortdeko.dk\/wp-content\/uploads\/2022\/09\/gul-hjort-halv.jpg&#8221; background_size=&#8221;contain&#8221; background_position=&#8221;top_left&#8221; background_horizontal_offset=&#8221;5%&#8221; background_vertical_offset=&#8221;0%&#8221; custom_padding=&#8221;||0px|||&#8221; background_last_edited=&#8221;on|phone&#8221; background_color_gradient_stops_tablet=&#8221;#ffffff 55%|rgba(0,0,0,0) 55%&#8221; background_color_gradient_stops_phone=&#8221;#ffffff 35%|rgba(0,0,0,0) 35%&#8221; background_color_gradient_start_position_tablet=&#8221;55%&#8221; background_color_gradient_start_position_phone=&#8221;35%&#8221; background_color_gradient_end_position_tablet=&#8221;55%&#8221; background_color_gradient_end_position_phone=&#8221;35%&#8221; box_shadow_style=&#8221;preset7&#8243; box_shadow_horizontal=&#8221;0px&#8221; box_shadow_vertical=&#8221;0px&#8221; box_shadow_color=&#8221;#ffffff&#8221; box_shadow_vertical_tablet=&#8221;-80vh&#8221; box_shadow_vertical_phone=&#8221;-90vh&#8221; box_shadow_vertical_last_edited=&#8221;on|phone&#8221; global_colors_info=&#8221;{}&#8221;][et_pb_row column_structure=&#8221;1_2,1_2&#8243; _builder_version=&#8221;4.16&#8243; custom_padding=&#8221;||0px|||&#8221; global_colors_info=&#8221;{}&#8221;][et_pb_column type=&#8221;1_2&#8243; _builder_version=&#8221;4.16&#8243; z_index=&#8221;10&#8243; global_colors_info=&#8221;{}&#8221;][et_pb_text _builder_version=&#8221;4.18.0&#8243; text_font=&#8221;Aubrey||||||||&#8221; text_text_color=&#8221;#000000&#8243; text_font_size=&#8221;60px&#8221; text_letter_spacing=&#8221;2px&#8221; text_line_height=&#8221;1em&#8221; max_width=&#8221;400px&#8221; min_height=&#8221;75px&#8221; text_font_size_tablet=&#8221;18px&#8221; text_font_size_phone=&#8221;16px&#8221; text_font_size_last_edited=&#8221;on|phone&#8221; locked=&#8221;off&#8221; global_colors_info=&#8221;{}&#8221;]<\/p>\n<p>Om Hjort Deko<\/p>\n<p>[\/et_pb_text][et_pb_text _builder_version=&#8221;4.18.0&#8243; text_font=&#8221;Aubrey||||||||&#8221; text_text_color=&#8221;#000000&#8243; text_font_size=&#8221;23px&#8221; text_line_height=&#8221;1.8em&#8221; max_width=&#8221;400px&#8221; custom_padding=&#8221;0px|||||&#8221; text_font_size_tablet=&#8221;18px&#8221; text_font_size_phone=&#8221;16px&#8221; text_font_size_last_edited=&#8221;on|phone&#8221; locked=&#8221;off&#8221; global_colors_info=&#8221;{}&#8221;]<\/p>\n<p>Jeg har arbejdet med dekoration og indretning siden slutningen af 90&#8217;erne, med speciale i at skabe unikke milj\u00f8er i forretninger, p\u00e5 messestande og institutioner m.fl.<\/p>\n<p>Udover en uddannelse som dekorat\u00f8r og grafisk designer, blev jeg uddannet Social- og sundhedshj\u00e6lper i 2014. De f\u00f8lgende \u00e5r fokuserede jeg arbejdet med &#8220;hjemligg\u00f8relse&#8221; af lokalcentre, og det blev tydeligt hvor meget det betyder for beboerne med den rette indretning og udsmykning.<\/p>\n<p>Jeg laver b\u00e5de store opgaver, hvor helheden formidler et budskab, og opgaver, hvor det m\u00e5ske er en enkelt v\u00e6g eller et rum, som skal v\u00e6re noget unikt.<br \/>Jeg skaber kreative og anderledes l\u00f8sninger, som kan give dig den rigtige atmosf\u00e6re i dine rum.<\/p>\n<p>V\u00e6gmaleriet er ikke kun dekorativt, det kan udfylde forskellige funktioner i rummet. Her arbejder jeg ogs\u00e5 med farvepsykologi, som er med til at p\u00e5virke stemningen i rummet.<\/p>\n<p>V\u00e6gmalerier kan is\u00e6r v\u00e6re relevante for institutioner, s\u00e5 som b\u00f8rnehaver, plejehjem, sygehuse m.fl.<\/p>\n<p>[\/et_pb_text][\/et_pb_column][et_pb_column type=&#8221;1_2&#8243; _builder_version=&#8221;4.16&#8243; global_colors_info=&#8221;{}&#8221;][et_pb_image src=&#8221;https:\/\/hjortdeko.dk\/wp-content\/uploads\/2022\/10\/smil-scaled.jpg&#8221; title_text=&#8221;Ditte Hjort Rasmussen&#8221; _builder_version=&#8221;4.18.0&#8243; border_width_all=&#8221;6px&#8221; border_color_all=&#8221;#FFFFFF&#8221; locked=&#8221;off&#8221; global_colors_info=&#8221;{}&#8221;][\/et_pb_image][\/et_pb_column][\/et_pb_row][\/et_pb_section][et_pb_section fb_built=&#8221;1&#8243; admin_label=&#8221;CV&#8221; _builder_version=&#8221;4.16&#8243; min_height=&#8221;372.8px&#8221; custom_margin=&#8221;||-40px|||&#8221; custom_padding=&#8221;||0px|||&#8221; global_colors_info=&#8221;{}&#8221;][et_pb_row _builder_version=&#8221;4.16&#8243; width=&#8221;100%&#8221; max_width=&#8221;100%&#8221; global_colors_info=&#8221;{}&#8221;][et_pb_column type=&#8221;4_4&#8243; _builder_version=&#8221;4.16&#8243; global_colors_info=&#8221;{}&#8221;][et_pb_divider color=&#8221;#000000&#8243; divider_weight=&#8221;6px&#8221; _builder_version=&#8221;4.16&#8243; width=&#8221;90%&#8221; width_tablet=&#8221;80%&#8221; width_phone=&#8221;&#8221; width_last_edited=&#8221;on|phone&#8221; module_alignment=&#8221;center&#8221; min_height=&#8221;80.8px&#8221; custom_padding=&#8221;0px||0px|||&#8221; global_colors_info=&#8221;{}&#8221;][\/et_pb_divider][\/et_pb_column][\/et_pb_row][et_pb_row column_structure=&#8221;1_2,1_2&#8243; _builder_version=&#8221;4.18.0&#8243; background_image=&#8221;https:\/\/hjortdeko.dk\/wp-content\/uploads\/2022\/09\/wireframe-logo-stor-1.jpg&#8221; background_size=&#8221;contain&#8221; min_height=&#8221;230px&#8221; custom_margin=&#8221;-88px|60px||63px||&#8221; custom_padding=&#8221;||0px|||&#8221; global_colors_info=&#8221;{}&#8221;][et_pb_column type=&#8221;1_2&#8243; _builder_version=&#8221;4.18.0&#8243; _module_preset=&#8221;default&#8221; global_colors_info=&#8221;{}&#8221;][\/et_pb_column][et_pb_column type=&#8221;1_2&#8243; _builder_version=&#8221;4.16&#8243; global_colors_info=&#8221;{}&#8221;][\/et_pb_column][\/et_pb_row][\/et_pb_section]<\/p>\n","protected":false},"excerpt":{"rendered":"<p>Om Hjort DekoJeg har arbejdet med dekoration og indretning siden slutningen af 90&#8217;erne, med speciale i at skabe unikke milj\u00f8er i forretninger, p\u00e5 messestande og institutioner m.fl. Udover en uddannelse som dekorat\u00f8r og grafisk designer, blev jeg uddannet Social- og sundhedshj\u00e6lper i 2014. De f\u00f8lgende \u00e5r fokuserede jeg arbejdet med &#8220;hjemligg\u00f8relse&#8221; af lokalcentre, og det [&hellip;]<\/p>\n","protected":false},"author":1,"featured_media":0,"parent":0,"menu_order":0,"comment_status":"closed","ping_status":"closed","template":"","meta":{"_et_pb_use_builder":"on","_et_pb_old_content":"","_et_gb_content_width":"","footnotes":""},"class_list":["post-248","page","type-page","status-publish","hentry"],"_links":{"self":[{"href":"https:\/\/hjortdeko.dk\/index.php?rest_route=\/wp\/v2\/pages\/248","targetHints":{"allow":["GET"]}}],"collection":[{"href":"https:\/\/hjortdeko.dk\/index.php?rest_route=\/wp\/v2\/pages"}],"about":[{"href":"https:\/\/hjortdeko.dk\/index.php?rest_route=\/wp\/v2\/types\/page"}],"author":[{"embeddable":true,"href":"https:\/\/hjortdeko.dk\/index.php?rest_route=\/wp\/v2\/users\/1"}],"replies":[{"embeddable":true,"href":"https:\/\/hjortdeko.dk\/index.php?rest_route=%2Fwp%2Fv2%2Fcomments&post=248"}],"version-history":[{"count":28,"href":"https:\/\/hjortdeko.dk\/index.php?rest_route=\/wp\/v2\/pages\/248\/revisions"}],"predecessor-version":[{"id":1176,"href":"https:\/\/hjortdeko.dk\/index.php?rest_route=\/wp\/v2\/pages\/248\/revisions\/1176"}],"wp:attachment":[{"href":"https:\/\/hjortdeko.dk\/index.php?rest_route=%2Fwp%2Fv2%2Fmedia&parent=248"}],"curies":[{"name":"wp","href":"https:\/\/api.w.org\/{rel}","templated":true}]}}